{"id":96,"date":"2024-03-12T07:34:17","date_gmt":"2024-03-12T06:34:17","guid":{"rendered":"http:\/\/fc-u.de\/wordpress\/?page_id=96"},"modified":"2024-03-19T15:21:15","modified_gmt":"2024-03-19T14:21:15","slug":"ah","status":"publish","type":"page","link":"https:\/\/fcuchtelfangen.de\/wordpress\/ah\/","title":{"rendered":"AH"},"content":{"rendered":"\n<p>Herzlich Willkommen im Infoportal der FCU-AH. Seit der Gr\u00fcndung im Jahr 1966 ist der Kreis der AH-Mitglieder auf aktuell etwa 100 Sportkameraden stetig gewachsen. Von Anfang an hatte, neben der sportlichen Bet\u00e4tigung als Fortsetzung der aktiven Fu\u00dfballerlaufbahn, der au\u00dfersportliche Bereich eine mindestens gleichwertige Bedeutung. Und so ist es auch noch heute.&nbsp;<\/p>\n\n\n\n<p>F\u00fcr alle, die nicht mehr am Spielbetrieb der Mannschaften teilnehmen k\u00f6nnen oder wollen, gibt es ausreichend Gelegenheiten,&nbsp; die Gemeinschaft zu pflegen, sei es beim Mittwochs-Radfahren ( im Winterhalbjahr Mittwochs-Wandern), beim Skifahren oder beim zwanglosen Plausch w\u00e4hrend einer der vielen Veranstaltungen, wie z. B. dem j\u00e4hrlich veranstalteten Familienwandertag, der AH-Fahrt oder beim traditionellen AH-Sportfest auf dem Sportplatz oder beim j\u00e4hrlich organisierten AH-Hallensportfest.<\/p>\n\n\n\n<p><strong>Trainingszeiten:<\/strong><br>Mittwochs ab 17:00 Uhr Fahrrad fahren, ab 19:00 Uhr Fu\u00dfball<\/p>\n","protected":false},"excerpt":{"rendered":"<p>Herzlich Willkommen im Infoportal der FCU-AH. Seit der Gr\u00fcndung im Jahr 1966 ist der Kreis der AH-Mitglieder auf aktuell etwa 100 Sportkameraden stetig gewachsen. Von Anfang an hatte, neben der sportlichen Bet\u00e4tigung als Fortsetzung der aktiven Fu\u00dfballerlaufbahn, der au\u00dfersportliche Bereich eine mindestens gleichwertige Bedeutung. Und so ist es auch noch heute.&nbsp; F\u00fcr alle, die nicht [&hellip;]<\/p>\n","protected":false},"author":1,"featured_media":0,"parent":0,"menu_order":0,"comment_status":"closed","ping_status":"closed","template":"","meta":{"footnotes":""},"class_list":["post-96","page","type-page","status-publish","hentry"],"_links":{"self":[{"href":"https:\/\/fcuchtelfangen.de\/wordpress\/wp-json\/wp\/v2\/pages\/96","targetHints":{"allow":["GET"]}}],"collection":[{"href":"https:\/\/fcuchtelfangen.de\/wordpress\/wp-json\/wp\/v2\/pages"}],"about":[{"href":"https:\/\/fcuchtelfangen.de\/wordpress\/wp-json\/wp\/v2\/types\/page"}],"author":[{"embeddable":true,"href":"https:\/\/fcuchtelfangen.de\/wordpress\/wp-json\/wp\/v2\/users\/1"}],"replies":[{"embeddable":true,"href":"https:\/\/fcuchtelfangen.de\/wordpress\/wp-json\/wp\/v2\/comments?post=96"}],"version-history":[{"count":7,"href":"https:\/\/fcuchtelfangen.de\/wordpress\/wp-json\/wp\/v2\/pages\/96\/revisions"}],"predecessor-version":[{"id":761,"href":"https:\/\/fcuchtelfangen.de\/wordpress\/wp-json\/wp\/v2\/pages\/96\/revisions\/761"}],"wp:attachment":[{"href":"https:\/\/fcuchtelfangen.de\/wordpress\/wp-json\/wp\/v2\/media?parent=96"}],"curies":[{"name":"wp","href":"https:\/\/api.w.org\/{rel}","templated":true}]}}